{"id":34,"date":"2023-05-08T15:31:12","date_gmt":"2023-05-08T15:31:12","guid":{"rendered":"https:\/\/www.sweetsofi.cz\/?page_id=34"},"modified":"2023-05-08T15:49:19","modified_gmt":"2023-05-08T15:49:19","slug":"kolace","status":"publish","type":"page","link":"https:\/\/www.sweetsofi.cz\/?page_id=34","title":{"rendered":"Kol\u00e1\u010de\/Koblihy"},"content":{"rendered":"\n<p>Zde naleznete r\u016fzn\u00e9 druh\u00fd kol\u00e1\u010d\u016f a kol\u00e1\u010dk\u016f, koblih<\/p>\n\n\n\n<p><\/p>\n\n\n\n<figure class=\"wp-block-gallery has-nested-images columns-default is-cropped wp-block-gallery-1 is-layout-flex wp-block-gallery-is-layout-flex\">\n<figure class=\"wp-block-image size-large is-style-rounded\"><img loading=\"lazy\" decoding=\"async\" width=\"768\" height=\"1024\" data-id=\"37\" src=\"https:\/\/www.sweetsofi.cz\/wp-content\/uploads\/2023\/05\/1e50515c-3c7f-46a5-823f-e721c87a251f-768x1024.jpeg\" alt=\"\" class=\"wp-image-37\" srcset=\"https:\/\/www.sweetsofi.cz\/wp-content\/uploads\/2023\/05\/1e50515c-3c7f-46a5-823f-e721c87a251f-768x1024.jpeg 768w, https:\/\/www.sweetsofi.cz\/wp-content\/uploads\/2023\/05\/1e50515c-3c7f-46a5-823f-e721c87a251f-225x300.jpeg 225w, https:\/\/www.sweetsofi.cz\/wp-content\/uploads\/2023\/05\/1e50515c-3c7f-46a5-823f-e721c87a251f-1152x1536.jpeg 1152w, https:\/\/www.sweetsofi.cz\/wp-content\/uploads\/2023\/05\/1e50515c-3c7f-46a5-823f-e721c87a251f.jpeg 1536w\" sizes=\"auto, (max-width: 768px) 100vw, 768px\" \/><\/figure>\n\n\n\n<figure class=\"wp-block-image size-large is-style-rounded\"><img loading=\"lazy\" decoding=\"async\" width=\"768\" height=\"1024\" data-id=\"39\" src=\"https:\/\/www.sweetsofi.cz\/wp-content\/uploads\/2023\/05\/cd6bb42b-a828-4d9f-ac8b-58cc742c1ef9-768x1024.jpeg\" alt=\"\" class=\"wp-image-39\" srcset=\"https:\/\/www.sweetsofi.cz\/wp-content\/uploads\/2023\/05\/cd6bb42b-a828-4d9f-ac8b-58cc742c1ef9-768x1024.jpeg 768w, https:\/\/www.sweetsofi.cz\/wp-content\/uploads\/2023\/05\/cd6bb42b-a828-4d9f-ac8b-58cc742c1ef9-225x300.jpeg 225w, https:\/\/www.sweetsofi.cz\/wp-content\/uploads\/2023\/05\/cd6bb42b-a828-4d9f-ac8b-58cc742c1ef9-1152x1536.jpeg 1152w, https:\/\/www.sweetsofi.cz\/wp-content\/uploads\/2023\/05\/cd6bb42b-a828-4d9f-ac8b-58cc742c1ef9.jpeg 1536w\" sizes=\"auto, (max-width: 768px) 100vw, 768px\" \/><\/figure>\n\n\n\n<figure class=\"wp-block-image size-large is-style-rounded\"><img loading=\"lazy\" decoding=\"async\" width=\"1024\" height=\"961\" data-id=\"40\" src=\"https:\/\/www.sweetsofi.cz\/wp-content\/uploads\/2023\/05\/a419a459-2ea8-4704-8353-6b5ac93aabaf-1024x961.jpeg\" alt=\"\" class=\"wp-image-40\" srcset=\"https:\/\/www.sweetsofi.cz\/wp-content\/uploads\/2023\/05\/a419a459-2ea8-4704-8353-6b5ac93aabaf-1024x961.jpeg 1024w, https:\/\/www.sweetsofi.cz\/wp-content\/uploads\/2023\/05\/a419a459-2ea8-4704-8353-6b5ac93aabaf-300x282.jpeg 300w, https:\/\/www.sweetsofi.cz\/wp-content\/uploads\/2023\/05\/a419a459-2ea8-4704-8353-6b5ac93aabaf-768x721.jpeg 768w, https:\/\/www.sweetsofi.cz\/wp-content\/uploads\/2023\/05\/a419a459-2ea8-4704-8353-6b5ac93aabaf-1536x1442.jpeg 1536w, https:\/\/www.sweetsofi.cz\/wp-content\/uploads\/2023\/05\/a419a459-2ea8-4704-8353-6b5ac93aabaf.jpeg 1784w\" sizes=\"auto, (max-width: 1024px) 100vw, 1024px\" \/><\/figure>\n<\/figure>\n","protected":false},"excerpt":{"rendered":"<p>Zde naleznete r\u016fzn\u00e9 druh\u00fd kol\u00e1\u010d\u016f a kol\u00e1\u010dk\u016f, koblih<\/p>\n","protected":false},"author":1,"featured_media":0,"parent":0,"menu_order":0,"comment_status":"closed","ping_status":"closed","template":"","meta":{"footnotes":""},"class_list":["post-34","page","type-page","status-publish","hentry"],"_links":{"self":[{"href":"https:\/\/www.sweetsofi.cz\/index.php?rest_route=\/wp\/v2\/pages\/34","targetHints":{"allow":["GET"]}}],"collection":[{"href":"https:\/\/www.sweetsofi.cz\/index.php?rest_route=\/wp\/v2\/pages"}],"about":[{"href":"https:\/\/www.sweetsofi.cz\/index.php?rest_route=\/wp\/v2\/types\/page"}],"author":[{"embeddable":true,"href":"https:\/\/www.sweetsofi.cz\/index.php?rest_route=\/wp\/v2\/users\/1"}],"replies":[{"embeddable":true,"href":"https:\/\/www.sweetsofi.cz\/index.php?rest_route=%2Fwp%2Fv2%2Fcomments&post=34"}],"version-history":[{"count":3,"href":"https:\/\/www.sweetsofi.cz\/index.php?rest_route=\/wp\/v2\/pages\/34\/revisions"}],"predecessor-version":[{"id":44,"href":"https:\/\/www.sweetsofi.cz\/index.php?rest_route=\/wp\/v2\/pages\/34\/revisions\/44"}],"wp:attachment":[{"href":"https:\/\/www.sweetsofi.cz\/index.php?rest_route=%2Fwp%2Fv2%2Fmedia&parent=34"}],"curies":[{"name":"wp","href":"https:\/\/api.w.org\/{rel}","templated":true}]}}